{"id":2426,"date":"2019-02-15T13:29:31","date_gmt":"2019-02-15T11:29:31","guid":{"rendered":"https:\/\/myrtiaae.gr\/?page_id=2426"},"modified":"2019-02-19T10:13:07","modified_gmt":"2019-02-19T08:13:07","slug":"arztliche-behandlung","status":"publish","type":"page","link":"https:\/\/myrtiaae.gr\/de\/arztliche-behandlung\/","title":{"rendered":"\u00c4rztliche Behandlung"},"content":{"rendered":"<p>[et_pb_section bb_built=&#8220;1&#8243; _builder_version=&#8220;3.19.4&#8243; background_color=&#8220;#f2f3f6&#8243; background_image=&#8220;https:\/\/myrtiaae.gr\/wp-content\/uploads\/2019\/01\/3-3000-400-min.jpg&#8220; custom_padding=&#8220;8px|0px|14px|0px&#8220; next_background_color=&#8220;#ffffff&#8220;][et_pb_row custom_padding=&#8220;27px|0px|20px|0px&#8220; _builder_version=&#8220;3.0.47&#8243; background_size=&#8220;initial&#8220; background_position=&#8220;top_left&#8220; background_repeat=&#8220;repeat&#8220;][et_pb_column type=&#8220;4_4&#8243;][et_pb_text _builder_version=&#8220;3.19.4&#8243; header_text_align=&#8220;center&#8220; header_text_color=&#8220;#000000&#8243; header_font_size=&#8220;27px&#8220; header_font_size_tablet=&#8220;23px&#8220; header_font_size_phone=&#8220;21px&#8220; header_font_size_last_edited=&#8220;on|desktop&#8220; header_letter_spacing=&#8220;0.5px&#8220; background_layout=&#8220;dark&#8220; custom_margin=&#8220;||25px|&#8220;]<\/p>\n<h1><span style=\"color: #ffffff;\">\u00c4RZTLICHE BEHANDLUNG<\/span><\/h1>\n<p>[\/et_pb_text][et_pb_divider color=&#8220;#02532d&#8220; divider_weight=&#8220;2px&#8220; height=&#8220;2px&#8220; _builder_version=&#8220;3.19.3&#8243; custom_margin=&#8220;0px|||&#8220; custom_css_main_element=&#8220; margin: 0px auto 74px;|| width: 100px;&#8220; \/][\/et_pb_column][\/et_pb_row][\/et_pb_section][et_pb_section bb_built=&#8220;1&#8243; use_custom_gutter=&#8220;on&#8220; gutter_width=&#8220;2&#8243; specialty=&#8220;on&#8220; _builder_version=&#8220;3.19.4&#8243; custom_padding=&#8220;25px|0px|10px|0px&#8220; hover_enabled=&#8220;0&#8243; padding_2_last_edited=&#8220;on|tablet&#8220; padding_2_tablet=&#8220;||5%&#8220; prev_background_color=&#8220;#f2f3f6&#8243; next_background_color=&#8220;#064128&#8243;][et_pb_column type=&#8220;2_3&#8243; specialty_columns=&#8220;2&#8243;][et_pb_row_inner _builder_version=&#8220;3.0.76&#8243;][et_pb_column_inner type=&#8220;4_4&#8243; saved_specialty_column_type=&#8220;2_3&#8243;][et_pb_blurb use_icon=&#8220;on&#8220; font_icon=&#8220;%%45%%&#8220; icon_color=&#8220;#ffffff&#8220; use_circle=&#8220;on&#8220; icon_placement=&#8220;left&#8220; _builder_version=&#8220;3.19.4&#8243; custom_margin=&#8220;0px||30px|&#8220; animation_style=&#8220;zoom&#8220; custom_css_blurb_content=&#8220;max-width:100%;&#8220;]<\/p>\n<p><strong>\u00c4rzte der wichtigsten Spezialisierungen (Pathologen, Neurologe, Kardiologe) <\/strong>sorgen in Zusammenarbeit mit den Verwandten der Senioren\/innen f\u00fcr die Bewahrung und Besserung ihrer Gesundheit und sind f\u00fcr die Verabreichung ihrer Medikation zust\u00e4ndig.<\/p>\n<p>[\/et_pb_blurb][et_pb_gallery _builder_version=&#8220;3.19.4&#8243; gallery_ids=&#8220;1966,1965&#8243; posts_number=&#8220;2&#8243; show_title_and_caption=&#8220;off&#8220; show_pagination=&#8220;off&#8220; db_images_per_row=&#8220;2&#8243; db_image_max_width=&#8220;95&#8243; db_image_max_width_last_edited=&#8220;on|tablet&#8220; db_image_max_height_tablet=&#8220;501&#8243; db_image_row_spacing=&#8220;2&#8243; db_image_row_spacing_last_edited=&#8220;on|tablet&#8220; db_image_object_fit=&#8220;initial&#8220; hover_overlay_color=&#8220;rgba(255,255,255,0.9)&#8220; db_image_center_titles=&#8220;left&#8220; \/][et_pb_blurb use_icon=&#8220;on&#8220; font_icon=&#8220;%%45%%&#8220; icon_color=&#8220;#ffffff&#8220; use_circle=&#8220;on&#8220; icon_placement=&#8220;left&#8220; _builder_version=&#8220;3.19.3&#8243; custom_margin=&#8220;0px||30px|&#8220; animation_style=&#8220;zoom&#8220; custom_css_blurb_content=&#8220;max-width:100%;&#8220;]<\/p>\n<p><strong>\u00c4rzte aller anderen Spezialisierungen werden als externe Mitarbeiter<\/strong> hinzugezogen, um ihre \u00e4rztlichen Dienstleistungen den Bewohnern anzubieten, sofern dies als erforderlich betrachtet wird und die Verwandten damit einverstanden sind.<\/p>\n<p>[\/et_pb_blurb][et_pb_gallery _builder_version=&#8220;3.19.4&#8243; gallery_ids=&#8220;1964,943&#8243; posts_number=&#8220;2&#8243; show_title_and_caption=&#8220;off&#8220; show_pagination=&#8220;off&#8220; db_images_per_row=&#8220;2&#8243; db_image_max_width=&#8220;95&#8243; db_image_max_width_last_edited=&#8220;on|tablet&#8220; db_image_max_height_tablet=&#8220;501&#8243; db_image_row_spacing=&#8220;2&#8243; db_image_row_spacing_last_edited=&#8220;on|tablet&#8220; db_image_object_fit=&#8220;initial&#8220; hover_overlay_color=&#8220;rgba(255,255,255,0.9)&#8220; db_image_center_titles=&#8220;left&#8220; \/][\/et_pb_column_inner][\/et_pb_row_inner][\/et_pb_column][et_pb_column type=&#8220;1_3&#8243;][et_pb_text _builder_version=&#8220;3.19.11&#8243; saved_tabs=&#8220;all&#8220;]<\/p>\n<h3 style=\"text-align: center;\"><strong>DIENSTLEISTUNGEN<br \/><\/strong><\/h3>\n<p>[\/et_pb_text][et_pb_button button_url=&#8220;\/de\/arztliche-behandlung\/&#8220; button_text=&#8220;\u00c4RZTLICHE BEHANDLUNG&#8220; button_alignment=&#8220;center&#8220; _builder_version=&#8220;3.19.11&#8243; custom_button=&#8220;on&#8220; button_text_color=&#8220;#064128&#8243; button_bg_color=&#8220;#ffffff&#8220; button_border_width=&#8220;1&#8243; button_border_color=&#8220;#064128&#8243; button_icon=&#8220;%%180%%&#8220; button_icon_color=&#8220;#064128&#8243; background_layout__hover_enabled=&#8220;on&#8220; background_layout__hover=&#8220;dark&#8220; button_icon_color__hover_enabled=&#8220;on&#8220; button_icon_color__hover=&#8220;#ffffff&#8220; button_text_color__hover_enabled=&#8220;on&#8220; button_text_color__hover=&#8220;#ffffff&#8220; button_font=&#8220;|600|||||||&#8220; module_class=&#8220;button-sidebar&#8220; custom_css_main_element=&#8220;min-width: 95%;||||&#8220; custom_css_after=&#8220;display:none;&#8220; saved_tabs=&#8220;all&#8220; \/][et_pb_button button_url=&#8220;\/de\/krankenpflege\/&#8220; button_text=&#8220;KRANKENPFLEGE&#8220; button_alignment=&#8220;center&#8220; _builder_version=&#8220;3.19.11&#8243; custom_button=&#8220;on&#8220; button_text_color=&#8220;#064128&#8243; button_bg_color=&#8220;#ffffff&#8220; button_border_width=&#8220;1&#8243; button_border_color=&#8220;#064128&#8243; button_icon=&#8220;%%180%%&#8220; button_icon_color=&#8220;#064128&#8243; background_layout__hover_enabled=&#8220;on&#8220; background_layout__hover=&#8220;dark&#8220; button_icon_color__hover_enabled=&#8220;on&#8220; button_icon_color__hover=&#8220;#ffffff&#8220; button_text_color__hover_enabled=&#8220;on&#8220; button_text_color__hover=&#8220;#ffffff&#8220; button_font=&#8220;|600|||||||&#8220; module_class=&#8220;button-sidebar&#8220; custom_css_main_element=&#8220;min-width: 95%;&#8220; custom_css_after=&#8220;display:none;&#8220; saved_tabs=&#8220;all&#8220; \/][et_pb_button button_url=&#8220;\/de\/physiotherapeutische-rehabilitation\/&#8220; button_text=&#8220;PHYSIOTHERAPEUTISCHE REHABILITATION&#8220; button_alignment=&#8220;center&#8220; _builder_version=&#8220;3.19.11&#8243; custom_button=&#8220;on&#8220; button_text_color=&#8220;#064128&#8243; button_bg_color=&#8220;#ffffff&#8220; button_border_width=&#8220;1&#8243; button_border_color=&#8220;#064128&#8243; button_icon=&#8220;%%180%%&#8220; button_icon_color=&#8220;#064128&#8243; background_layout__hover_enabled=&#8220;on&#8220; background_layout__hover=&#8220;dark&#8220; button_icon_color__hover_enabled=&#8220;on&#8220; button_icon_color__hover=&#8220;#ffffff&#8220; button_text_color__hover_enabled=&#8220;on&#8220; button_text_color__hover=&#8220;#ffffff&#8220; button_font=&#8220;|600|||||||&#8220; button_text_size=&#8220;16&#8243; module_class=&#8220;button-sidebar&#8220; custom_css_main_element=&#8220;min-width: 95%;&#8220; custom_css_after=&#8220;display:none;&#8220; saved_tabs=&#8220;all&#8220; \/][et_pb_button button_url=&#8220;\/de\/psychosoziale-unterstuetzung\/&#8220; button_text=&#8220;PSYCHOSOZIALE UNTERST\u00dcTZUNG&#8220; button_alignment=&#8220;center&#8220; _builder_version=&#8220;3.19.11&#8243; custom_button=&#8220;on&#8220; button_text_color=&#8220;#064128&#8243; button_bg_color=&#8220;#ffffff&#8220; button_border_width=&#8220;1&#8243; button_border_color=&#8220;#064128&#8243; button_icon=&#8220;%%180%%&#8220; button_icon_color=&#8220;#064128&#8243; background_layout__hover_enabled=&#8220;on&#8220; background_layout__hover=&#8220;dark&#8220; button_icon_color__hover_enabled=&#8220;on&#8220; button_icon_color__hover=&#8220;#ffffff&#8220; button_text_color__hover_enabled=&#8220;on&#8220; button_text_color__hover=&#8220;#ffffff&#8220; button_font=&#8220;|600|||||||&#8220; module_class=&#8220;button-sidebar&#8220; custom_css_main_element=&#8220;min-width: 95%;&#8220; custom_css_after=&#8220;display:none;&#8220; saved_tabs=&#8220;all&#8220; \/][et_pb_button button_url=&#8220;\/de\/sonstige-dienstleistungen\/&#8220; button_text=&#8220;SONSTIGE DIENSTLEISTUNGEN&#8220; button_alignment=&#8220;center&#8220; _builder_version=&#8220;3.19.11&#8243; custom_button=&#8220;on&#8220; button_text_color=&#8220;#064128&#8243; button_bg_color=&#8220;#ffffff&#8220; button_border_width=&#8220;1&#8243; button_border_color=&#8220;#064128&#8243; button_icon=&#8220;%%180%%&#8220; button_icon_color=&#8220;#064128&#8243; background_layout__hover_enabled=&#8220;on&#8220; background_layout__hover=&#8220;dark&#8220; button_icon_color__hover_enabled=&#8220;on&#8220; button_icon_color__hover=&#8220;#ffffff&#8220; button_text_color__hover_enabled=&#8220;on&#8220; button_text_color__hover=&#8220;#ffffff&#8220; button_font=&#8220;|600|||||||&#8220; module_class=&#8220;button-sidebar&#8220; custom_css_main_element=&#8220;min-width: 95%;&#8220; custom_css_after=&#8220;display:none;&#8220; saved_tabs=&#8220;all&#8220; \/][\/et_pb_column][\/et_pb_section][et_pb_section bb_built=&#8220;1&#8243; _builder_version=&#8220;3.19.11&#8243; background_color=&#8220;#064128&#8243; custom_margin=&#8220;||0px|&#8220; custom_padding=&#8220;0px|0px|0px|0px&#8220; prev_background_color=&#8220;#000000&#8243;][et_pb_row custom_padding=&#8220;22px|0px|12px|0px&#8220; custom_padding_tablet=&#8220;22px|0px|20px|0px&#8220; custom_padding_phone=&#8220;|||&#8220; custom_padding_last_edited=&#8220;on|phone&#8220; _builder_version=&#8220;3.0.76&#8243;][et_pb_column type=&#8220;1_2&#8243;][et_pb_text _builder_version=&#8220;3.19.11&#8243; text_font=&#8220;||||&#8220; text_text_color=&#8220;#ffffff&#8220; text_font_size=&#8220;19px&#8220; module_alignment=&#8220;left&#8220; custom_margin=&#8220;0px||15px|&#8220; custom_padding=&#8220;0px|||&#8220;]<\/p>\n<p><strong>F\u00dcR JEDES FRAGEN HABEN SIE<\/strong><\/p>\n<p>[\/et_pb_text][et_pb_text _builder_version=&#8220;3.19.4&#8243; text_text_color=&#8220;#ffffff&#8220; text_font_size=&#8220;17px&#8220; custom_margin=&#8220;0px|||&#8220; custom_margin_tablet=&#8220;0px||0px|&#8220; custom_margin_phone=&#8220;|||&#8220; custom_margin_last_edited=&#8220;on|desktop&#8220; custom_padding=&#8220;||10px|&#8220; custom_padding_tablet=&#8220;||0px|&#8220; custom_padding_last_edited=&#8220;on|desktop&#8220;]<\/p>\n<p>Z\u00f6gern Sie nicht, uns zu kontaktieren!<\/p>\n<p>[\/et_pb_text][\/et_pb_column][et_pb_column type=&#8220;1_2&#8243;][et_pb_divider show_divider=&#8220;off&#8220; height=&#8220;10px&#8220; disabled_on=&#8220;on|on|off&#8220; _builder_version=&#8220;3.0.76&#8243; color=&#8220;#ffffff&#8220; \/][et_pb_button button_url=&#8220;\/de\/kontakt\/&#8220; button_text=&#8220;Kontaktieren Sie uns&#8220; button_alignment=&#8220;left&#8220; _builder_version=&#8220;3.19.4&#8243; custom_button=&#8220;on&#8220; button_text_color=&#8220;#ffffff&#8220; button_bg_color=&#8220;#636363&#8243; button_border_color=&#8220;#ffffff&#8220; button_icon=&#8220;%%3%%&#8220; button_icon_color=&#8220;#ffffff&#8220; button_on_hover=&#8220;off&#8220; background_layout=&#8220;dark&#8220; custom_margin=&#8220;|||&#8220; custom_margin_tablet=&#8220;0px|||&#8220; custom_margin_phone=&#8220;|||&#8220; custom_margin_last_edited=&#8220;on|tablet&#8220; custom_padding=&#8220;10px|40px|10px|20px&#8220; button_text_size__hover_enabled=&#8220;off&#8220; button_text_size__hover=&#8220;null&#8220; button_one_text_size__hover_enabled=&#8220;off&#8220; button_one_text_size__hover=&#8220;null&#8220; button_two_text_size__hover_enabled=&#8220;off&#8220; button_two_text_size__hover=&#8220;null&#8220; button_text_color__hover_enabled=&#8220;on&#8220; button_text_color__hover=&#8220;#000000&#8243; button_one_text_color__hover_enabled=&#8220;off&#8220; button_one_text_color__hover=&#8220;null&#8220; button_two_text_color__hover_enabled=&#8220;off&#8220; button_two_text_color__hover=&#8220;null&#8220; button_border_width__hover_enabled=&#8220;off&#8220; button_border_width__hover=&#8220;null&#8220; button_one_border_width__hover_enabled=&#8220;off&#8220; button_one_border_width__hover=&#8220;null&#8220; button_two_border_width__hover_enabled=&#8220;off&#8220; button_two_border_width__hover=&#8220;null&#8220; button_border_color__hover_enabled=&#8220;off&#8220; button_border_color__hover=&#8220;null&#8220; button_one_border_color__hover_enabled=&#8220;off&#8220; button_one_border_color__hover=&#8220;null&#8220; button_two_border_color__hover_enabled=&#8220;off&#8220; button_two_border_color__hover=&#8220;null&#8220; button_border_radius__hover_enabled=&#8220;off&#8220; button_border_radius__hover=&#8220;null&#8220; button_one_border_radius__hover_enabled=&#8220;off&#8220; button_one_border_radius__hover=&#8220;null&#8220; button_two_border_radius__hover_enabled=&#8220;off&#8220; button_two_border_radius__hover=&#8220;null&#8220; button_letter_spacing__hover_enabled=&#8220;off&#8220; button_letter_spacing__hover=&#8220;null&#8220; button_one_letter_spacing__hover_enabled=&#8220;off&#8220; button_one_letter_spacing__hover=&#8220;null&#8220; button_two_letter_spacing__hover_enabled=&#8220;off&#8220; button_two_letter_spacing__hover=&#8220;null&#8220; button_bg_color__hover_enabled=&#8220;on&#8220; button_bg_color__hover=&#8220;#b0c887&#8243; button_one_bg_color__hover_enabled=&#8220;off&#8220; button_one_bg_color__hover=&#8220;null&#8220; button_two_bg_color__hover_enabled=&#8220;off&#8220; button_two_bg_color__hover=&#8220;null&#8220; button_font=&#8220;||||||||&#8220; button_icon_color__hover_enabled=&#8220;on&#8220; button_icon_color__hover=&#8220;#000000&#8243; \/][\/et_pb_column][\/et_pb_row][\/et_pb_section]<\/p>\n","protected":false},"excerpt":{"rendered":"<p>\u00c4RZTLICHE BEHANDLUNG \u00c4rzte der wichtigsten Spezialisierungen (Pathologen, Neurologe, Kardiologe) sorgen in Zusammenarbeit mit den Verwandten der Senioren\/innen f\u00fcr die Bewahrung und Besserung ihrer Gesundheit und sind f\u00fcr die Verabreichung ihrer Medikation zust\u00e4ndig. \u00c4rzte aller anderen Spezialisierungen werden als externe Mitarbeiter hinzugezogen, um ihre \u00e4rztlichen Dienstleistungen den Bewohnern anzubieten, sofern dies als erforderlich betrachtet wird und [&hellip;]<\/p>\n","protected":false},"author":4,"featured_media":0,"parent":0,"menu_order":0,"comment_status":"closed","ping_status":"closed","template":"","meta":{"_et_pb_use_builder":"on","_et_pb_old_content":"","_et_gb_content_width":"","footnotes":""},"class_list":["post-2426","page","type-page","status-publish","hentry"],"_links":{"self":[{"href":"https:\/\/myrtiaae.gr\/de\/wp-json\/wp\/v2\/pages\/2426","targetHints":{"allow":["GET"]}}],"collection":[{"href":"https:\/\/myrtiaae.gr\/de\/wp-json\/wp\/v2\/pages"}],"about":[{"href":"https:\/\/myrtiaae.gr\/de\/wp-json\/wp\/v2\/types\/page"}],"author":[{"embeddable":true,"href":"https:\/\/myrtiaae.gr\/de\/wp-json\/wp\/v2\/users\/4"}],"replies":[{"embeddable":true,"href":"https:\/\/myrtiaae.gr\/de\/wp-json\/wp\/v2\/comments?post=2426"}],"version-history":[{"count":2,"href":"https:\/\/myrtiaae.gr\/de\/wp-json\/wp\/v2\/pages\/2426\/revisions"}],"predecessor-version":[{"id":2428,"href":"https:\/\/myrtiaae.gr\/de\/wp-json\/wp\/v2\/pages\/2426\/revisions\/2428"}],"wp:attachment":[{"href":"https:\/\/myrtiaae.gr\/de\/wp-json\/wp\/v2\/media?parent=2426"}],"curies":[{"name":"wp","href":"https:\/\/api.w.org\/{rel}","templated":true}]}}