{"id":2441,"date":"2019-02-15T13:57:33","date_gmt":"2019-02-15T11:57:33","guid":{"rendered":"https:\/\/myrtiaae.gr\/?page_id=2441"},"modified":"2019-02-19T11:08:25","modified_gmt":"2019-02-19T09:08:25","slug":"verpflegung-ernahrung","status":"publish","type":"page","link":"https:\/\/myrtiaae.gr\/de\/verpflegung-ernahrung\/","title":{"rendered":"Verpflegung &#038; Ern\u00e4hrung"},"content":{"rendered":"<p>[et_pb_section bb_built=&#8220;1&#8243; background_color=&#8220;#f2f3f6&#8243; _builder_version=&#8220;3.19.4&#8243; custom_padding=&#8220;8px|0px|14px|0px&#8220; next_background_color=&#8220;#ffffff&#8220; background_image=&#8220;https:\/\/myrtiaae.gr\/wp-content\/uploads\/2019\/01\/2-3000-400-n-min.jpg&#8220; background_position=&#8220;top_center&#8220;][et_pb_row custom_padding=&#8220;27px|0px|20px|0px&#8220; _builder_version=&#8220;3.0.47&#8243; background_size=&#8220;initial&#8220; background_position=&#8220;top_left&#8220; background_repeat=&#8220;repeat&#8220; _i=&#8220;0&#8243; _address=&#8220;0.0&#8243;][et_pb_column type=&#8220;4_4&#8243;][et_pb_text _builder_version=&#8220;3.19.4&#8243; header_text_align=&#8220;center&#8220; header_font_size=&#8220;27px&#8220; header_font_size_tablet=&#8220;23px&#8220; header_font_size_phone=&#8220;21px&#8220; header_font_size_last_edited=&#8220;on|desktop&#8220; header_text_color=&#8220;#ffffff&#8220; header_letter_spacing=&#8220;0.5px&#8220; custom_margin=&#8220;||25px|&#8220;]<\/p>\n<h1>VERPFLEGUNG &#038; ERN\u00c4HRUNG<\/h1>\n<p>[\/et_pb_text][et_pb_divider color=&#8220;#02532d&#8220; show_divider=&#8220;on&#8220; divider_position=&#8220;top&#8220; divider_weight=&#8220;2px&#8220; height=&#8220;2px&#8220; _builder_version=&#8220;3.0.76&#8243; custom_margin=&#8220;0px|||&#8220; custom_css_main_element=&#8220; margin: 0px auto 74px;|| width: 100px;&#8220; \/][\/et_pb_column][\/et_pb_row][\/et_pb_section][et_pb_section bb_built=&#8220;1&#8243; use_custom_gutter=&#8220;on&#8220; gutter_width=&#8220;2&#8243; specialty=&#8220;on&#8220; _builder_version=&#8220;3.0.76&#8243; custom_padding=&#8220;25px|0px|10px|0px&#8220; prev_background_color=&#8220;#f2f3f6&#8243; next_background_color=&#8220;#064128&#8243;][et_pb_column type=&#8220;2_3&#8243; specialty_columns=&#8220;2&#8243;][et_pb_row_inner _builder_version=&#8220;3.0.76&#8243; custom_margin=&#8220;||10px|&#8220; custom_padding=&#8220;30.0667px|0px|4px|0px&#8220;][et_pb_column_inner type=&#8220;4_4&#8243; saved_specialty_column_type=&#8220;2_3&#8243;][et_pb_text _builder_version=&#8220;3.19.3&#8243; text_orientation=&#8220;justified&#8220; custom_margin=&#8220;||10px|&#8220; module_alignment=&#8220;left&#8220;]<\/p>\n<h3 style=\"text-align: center;\"><strong>Unsere hausgemachten Speisen werden von unserem Chefkoch zubereitet und serviert<\/strong><\/h3>\n<p>[\/et_pb_text][et_pb_gallery _builder_version=&#8220;3.19.4&#8243; posts_number=&#8220;2&#8243; show_title_and_caption=&#8220;off&#8220; show_pagination=&#8220;off&#8220; db_image_max_height_tablet=&#8220;501&#8243; db_image_object_fit=&#8220;initial&#8220; hover_overlay_color=&#8220;rgba(255,255,255,0.9)&#8220; db_image_center_titles=&#8220;left&#8220; gallery_ids=&#8220;1101,1106&#8243; db_images_per_row=&#8220;2&#8243; db_image_max_width=&#8220;95&#8243; db_image_max_width_last_edited=&#8220;on|tablet&#8220; db_image_row_spacing=&#8220;2&#8243; db_image_row_spacing_last_edited=&#8220;on|tablet&#8220; \/][et_pb_blurb _builder_version=&#8220;3.19.3&#8243; use_icon=&#8220;on&#8220; font_icon=&#8220;%%45%%&#8220; icon_color=&#8220;#ffffff&#8220; use_circle=&#8220;on&#8220; icon_placement=&#8220;left&#8220; custom_margin=&#8220;0px|||&#8220; custom_css_blurb_content=&#8220;max-width:100%;&#8220;]<\/p>\n<p><strong>Das Ern\u00e4hrungsprogramm<\/strong> wird von der Gesch\u00e4ftsleitung von Myrtia in Zusammenarbeit mit den \u00c4rzten zusammengestellt und \u00fcberpr\u00fcft, wobei besonders auf die Qualit\u00e4t geachtet wird und die Ern\u00e4hrungsbed\u00fcrfnisse der Senioren\/innen, je nach ihrem Gesundheitszustand, ber\u00fccksichtigt werden.<\/p>\n<p>[\/et_pb_blurb][et_pb_gallery _builder_version=&#8220;3.19.4&#8243; db_image_max_height_tablet=&#8220;501&#8243; db_image_object_fit=&#8220;initial&#8220; hover_overlay_color=&#8220;rgba(255,255,255,0.9)&#8220; db_image_center_titles=&#8220;left&#8220; gallery_ids=&#8220;1107,1108&#8243; posts_number=&#8220;2&#8243; show_title_and_caption=&#8220;off&#8220; show_pagination=&#8220;off&#8220; db_images_per_row=&#8220;2&#8243; db_image_max_width=&#8220;95&#8243; db_image_max_width_last_edited=&#8220;on|tablet&#8220; db_image_row_spacing=&#8220;2&#8243; db_image_row_spacing_last_edited=&#8220;on|tablet&#8220; \/][et_pb_blurb _builder_version=&#8220;3.19.3&#8243; use_icon=&#8220;on&#8220; font_icon=&#8220;%%45%%&#8220; icon_color=&#8220;#ffffff&#8220; use_circle=&#8220;on&#8220; icon_placement=&#8220;left&#8220; custom_margin=&#8220;0px|||&#8220; custom_css_blurb_content=&#8220;max-width:100%;&#8220;]<\/p>\n<p><strong>Das Men\u00fc<\/strong> wechselt sich jede Woche ab und enth\u00e4lt alternative Auswahlm\u00f6glichkeiten gem\u00e4\u00df den W\u00fcnschen der Bewohner. Es wird jeweils an die Jahreszeit, Feierzeit und die Traditionen angepasst.<\/p>\n<p>[\/et_pb_blurb][et_pb_gallery _builder_version=&#8220;3.19.4&#8243; gallery_ids=&#8220;1109,1948&#8243; posts_number=&#8220;2&#8243; show_title_and_caption=&#8220;off&#8220; show_pagination=&#8220;off&#8220; db_image_max_width=&#8220;95&#8243; db_image_max_width_last_edited=&#8220;on|tablet&#8220; db_image_max_height_tablet=&#8220;501&#8243; db_image_row_spacing=&#8220;2&#8243; db_image_row_spacing_last_edited=&#8220;on|tablet&#8220; db_image_object_fit=&#8220;initial&#8220; hover_overlay_color=&#8220;rgba(255,255,255,0.9)&#8220; db_image_center_titles=&#8220;left&#8220; db_images_per_row=&#8220;2&#8243; \/][\/et_pb_column_inner][\/et_pb_row_inner][\/et_pb_column][et_pb_column type=&#8220;1_3&#8243;][et_pb_blurb title=&#8220;AUFENTHALT&#8220; url=&#8220;\/de\/aufenthalt\/&#8220; image=&#8220;https:\/\/myrtiaae.gr\/wp-content\/uploads\/2019\/01\/icon-bed-50px.png&#8220; icon_placement=&#8220;left&#8220; _builder_version=&#8220;3.19.11&#8243; header_font=&#8220;|on|||&#8220; header_text_color=&#8220;#02532d&#8220; body_text_align=&#8220;left&#8220; text_orientation=&#8220;justified&#8220; custom_margin=&#8220;||20px|&#8220; custom_css_blurb_image=&#8220;width:80px;&#8220; custom_css_blurb_content=&#8220;max-width:100%;&#8220; alt=&#8220;katharismoi ktiriwn&#8220; saved_tabs=&#8220;all&#8220; \/][et_pb_blurb title=&#8220;VERPFLEGUNG &#038; ERN\u00c4HRUNG&#8220; url=&#8220;\/de\/verpflegung-ernahrung\/&#8220; image=&#8220;https:\/\/myrtiaae.gr\/wp-content\/uploads\/2019\/01\/icon-sitisi-50px.png&#8220; icon_placement=&#8220;left&#8220; _builder_version=&#8220;3.19.11&#8243; header_font=&#8220;|on|||&#8220; header_text_color=&#8220;#02532d&#8220; body_text_align=&#8220;left&#8220; custom_margin=&#8220;||20px|&#8220; custom_css_blurb_image=&#8220;width:80px;&#8220; custom_css_blurb_content=&#8220;max-width:100%;&#8220; alt=&#8220;ekdosi koinoxristwn&#8220; saved_tabs=&#8220;all&#8220; \/][et_pb_blurb title=&#8220;SAUBERKEIT &#038; W\u00c4SCHE&#8220; url=&#8220;\/de\/sauberkeit-wasche\/&#8220; image=&#8220;https:\/\/myrtiaae.gr\/wp-content\/uploads\/2019\/01\/icon-cleaning-50px.png&#8220; icon_placement=&#8220;left&#8220; _builder_version=&#8220;3.19.11&#8243; header_font=&#8220;|on|||&#8220; header_text_color=&#8220;#02532d&#8220; body_text_align=&#8220;left&#8220; custom_margin=&#8220;||20px|&#8220; custom_css_blurb_image=&#8220;width:80px;&#8220; custom_css_blurb_content=&#8220;max-width:100%;&#8220; alt=&#8220;apolymanseis&#8220; border_style=&#8220;solid&#8220; saved_tabs=&#8220;all&#8220; \/][et_pb_blurb title=&#8220;VERANSTALTUNGEN&#8220; url=&#8220;\/de\/veranstaltungen\/&#8220; image=&#8220;https:\/\/myrtiaae.gr\/wp-content\/uploads\/2019\/01\/icon-event-50px.png&#8220; icon_placement=&#8220;left&#8220; _builder_version=&#8220;3.19.11&#8243; header_font=&#8220;|on|||&#8220; header_text_color=&#8220;#02532d&#8220; body_text_align=&#8220;left&#8220; text_orientation=&#8220;justified&#8220; custom_margin=&#8220;||20px|&#8220; custom_css_blurb_image=&#8220;width:80px;&#8220; custom_css_blurb_content=&#8220;max-width:100%;&#8220; alt=&#8220;apofraxeis apoxeteuseon&#8220; saved_tabs=&#8220;all&#8220; \/][et_pb_blurb title=&#8220;BESUCH&#8220; url=&#8220;\/de\/besuch\/&#8220; image=&#8220;https:\/\/myrtiaae.gr\/wp-content\/uploads\/2019\/01\/icon-visitor-50px.png&#8220; icon_placement=&#8220;left&#8220; _builder_version=&#8220;3.19.11&#8243; header_font=&#8220;|on|||&#8220; header_text_color=&#8220;#02532d&#8220; body_text_align=&#8220;left&#8220; text_orientation=&#8220;justified&#8220; custom_margin=&#8220;||20px|&#8220; custom_css_blurb_image=&#8220;width:80px;&#8220; custom_css_blurb_content=&#8220;max-width:100%;&#8220; alt=&#8220;anagomwsi pyrosvestirwn&#8220; saved_tabs=&#8220;all&#8220; \/][\/et_pb_column][\/et_pb_section][et_pb_section bb_built=&#8220;1&#8243; _builder_version=&#8220;3.19.11&#8243; background_color=&#8220;#064128&#8243; custom_margin=&#8220;||0px|&#8220; custom_padding=&#8220;0px|0px|0px|0px&#8220; prev_background_color=&#8220;#ffffff&#8220;][et_pb_row custom_padding=&#8220;22px|0px|12px|0px&#8220; custom_padding_tablet=&#8220;22px|0px|20px|0px&#8220; custom_padding_phone=&#8220;|||&#8220; custom_padding_last_edited=&#8220;on|phone&#8220; _builder_version=&#8220;3.0.76&#8243;][et_pb_column type=&#8220;1_2&#8243;][et_pb_text _builder_version=&#8220;3.19.11&#8243; text_font=&#8220;||||&#8220; text_text_color=&#8220;#ffffff&#8220; text_font_size=&#8220;19px&#8220; module_alignment=&#8220;left&#8220; custom_margin=&#8220;0px||15px|&#8220; custom_padding=&#8220;0px|||&#8220;]<\/p>\n<p><strong>F\u00dcR JEDES FRAGEN HABEN SIE<\/strong><\/p>\n<p>[\/et_pb_text][et_pb_text _builder_version=&#8220;3.19.4&#8243; text_text_color=&#8220;#ffffff&#8220; text_font_size=&#8220;17px&#8220; custom_margin=&#8220;0px|||&#8220; custom_margin_tablet=&#8220;0px||0px|&#8220; custom_margin_phone=&#8220;|||&#8220; custom_margin_last_edited=&#8220;on|desktop&#8220; custom_padding=&#8220;||10px|&#8220; custom_padding_tablet=&#8220;||0px|&#8220; custom_padding_last_edited=&#8220;on|desktop&#8220;]<\/p>\n<p>Z\u00f6gern Sie nicht, uns zu kontaktieren!<\/p>\n<p>[\/et_pb_text][\/et_pb_column][et_pb_column type=&#8220;1_2&#8243;][et_pb_divider show_divider=&#8220;off&#8220; height=&#8220;10px&#8220; disabled_on=&#8220;on|on|off&#8220; _builder_version=&#8220;3.0.76&#8243; color=&#8220;#ffffff&#8220; \/][et_pb_button button_url=&#8220;\/de\/kontakt\/&#8220; button_text=&#8220;Kontaktieren Sie uns&#8220; button_alignment=&#8220;left&#8220; _builder_version=&#8220;3.19.4&#8243; custom_button=&#8220;on&#8220; button_text_color=&#8220;#ffffff&#8220; button_bg_color=&#8220;#636363&#8243; button_border_color=&#8220;#ffffff&#8220; button_icon=&#8220;%%3%%&#8220; button_icon_color=&#8220;#ffffff&#8220; button_on_hover=&#8220;off&#8220; background_layout=&#8220;dark&#8220; custom_margin=&#8220;|||&#8220; custom_margin_tablet=&#8220;0px|||&#8220; custom_margin_phone=&#8220;|||&#8220; custom_margin_last_edited=&#8220;on|tablet&#8220; custom_padding=&#8220;10px|40px|10px|20px&#8220; button_text_size__hover_enabled=&#8220;off&#8220; button_text_size__hover=&#8220;null&#8220; button_one_text_size__hover_enabled=&#8220;off&#8220; button_one_text_size__hover=&#8220;null&#8220; button_two_text_size__hover_enabled=&#8220;off&#8220; button_two_text_size__hover=&#8220;null&#8220; button_text_color__hover_enabled=&#8220;on&#8220; button_text_color__hover=&#8220;#000000&#8243; button_one_text_color__hover_enabled=&#8220;off&#8220; button_one_text_color__hover=&#8220;null&#8220; button_two_text_color__hover_enabled=&#8220;off&#8220; button_two_text_color__hover=&#8220;null&#8220; button_border_width__hover_enabled=&#8220;off&#8220; button_border_width__hover=&#8220;null&#8220; button_one_border_width__hover_enabled=&#8220;off&#8220; button_one_border_width__hover=&#8220;null&#8220; button_two_border_width__hover_enabled=&#8220;off&#8220; button_two_border_width__hover=&#8220;null&#8220; button_border_color__hover_enabled=&#8220;off&#8220; button_border_color__hover=&#8220;null&#8220; button_one_border_color__hover_enabled=&#8220;off&#8220; button_one_border_color__hover=&#8220;null&#8220; button_two_border_color__hover_enabled=&#8220;off&#8220; button_two_border_color__hover=&#8220;null&#8220; button_border_radius__hover_enabled=&#8220;off&#8220; button_border_radius__hover=&#8220;null&#8220; button_one_border_radius__hover_enabled=&#8220;off&#8220; button_one_border_radius__hover=&#8220;null&#8220; button_two_border_radius__hover_enabled=&#8220;off&#8220; button_two_border_radius__hover=&#8220;null&#8220; button_letter_spacing__hover_enabled=&#8220;off&#8220; button_letter_spacing__hover=&#8220;null&#8220; button_one_letter_spacing__hover_enabled=&#8220;off&#8220; button_one_letter_spacing__hover=&#8220;null&#8220; button_two_letter_spacing__hover_enabled=&#8220;off&#8220; button_two_letter_spacing__hover=&#8220;null&#8220; button_bg_color__hover_enabled=&#8220;on&#8220; button_bg_color__hover=&#8220;#b0c887&#8243; button_one_bg_color__hover_enabled=&#8220;off&#8220; button_one_bg_color__hover=&#8220;null&#8220; button_two_bg_color__hover_enabled=&#8220;off&#8220; button_two_bg_color__hover=&#8220;null&#8220; button_font=&#8220;||||||||&#8220; button_icon_color__hover_enabled=&#8220;on&#8220; button_icon_color__hover=&#8220;#000000&#8243; \/][\/et_pb_column][\/et_pb_row][\/et_pb_section]<\/p>\n","protected":false},"excerpt":{"rendered":"<p>VERPFLEGUNG &#038; ERN\u00c4HRUNG Unsere hausgemachten Speisen werden von unserem Chefkoch zubereitet und serviert Das Ern\u00e4hrungsprogramm wird von der Gesch\u00e4ftsleitung von Myrtia in Zusammenarbeit mit den \u00c4rzten zusammengestellt und \u00fcberpr\u00fcft, wobei besonders auf die Qualit\u00e4t geachtet wird und die Ern\u00e4hrungsbed\u00fcrfnisse der Senioren\/innen, je nach ihrem Gesundheitszustand, ber\u00fccksichtigt werden. Das Men\u00fc wechselt sich jede Woche ab und [&hellip;]<\/p>\n","protected":false},"author":4,"featured_media":0,"parent":0,"menu_order":0,"comment_status":"closed","ping_status":"closed","template":"","meta":{"_et_pb_use_builder":"on","_et_pb_old_content":"","_et_gb_content_width":"","footnotes":""},"class_list":["post-2441","page","type-page","status-publish","hentry"],"_links":{"self":[{"href":"https:\/\/myrtiaae.gr\/de\/wp-json\/wp\/v2\/pages\/2441","targetHints":{"allow":["GET"]}}],"collection":[{"href":"https:\/\/myrtiaae.gr\/de\/wp-json\/wp\/v2\/pages"}],"about":[{"href":"https:\/\/myrtiaae.gr\/de\/wp-json\/wp\/v2\/types\/page"}],"author":[{"embeddable":true,"href":"https:\/\/myrtiaae.gr\/de\/wp-json\/wp\/v2\/users\/4"}],"replies":[{"embeddable":true,"href":"https:\/\/myrtiaae.gr\/de\/wp-json\/wp\/v2\/comments?post=2441"}],"version-history":[{"count":2,"href":"https:\/\/myrtiaae.gr\/de\/wp-json\/wp\/v2\/pages\/2441\/revisions"}],"predecessor-version":[{"id":2443,"href":"https:\/\/myrtiaae.gr\/de\/wp-json\/wp\/v2\/pages\/2441\/revisions\/2443"}],"wp:attachment":[{"href":"https:\/\/myrtiaae.gr\/de\/wp-json\/wp\/v2\/media?parent=2441"}],"curies":[{"name":"wp","href":"https:\/\/api.w.org\/{rel}","templated":true}]}}