{"id":2462,"date":"2019-02-15T14:31:49","date_gmt":"2019-02-15T12:31:49","guid":{"rendered":"https:\/\/myrtiaae.gr\/?page_id=2462"},"modified":"2019-02-19T11:00:48","modified_gmt":"2019-02-19T09:00:48","slug":"unser-pflegemodell","status":"publish","type":"page","link":"https:\/\/myrtiaae.gr\/de\/unser-pflegemodell\/","title":{"rendered":"Unser Pflegemodell"},"content":{"rendered":"<p>[et_pb_section bb_built=&#8220;1&#8243; _builder_version=&#8220;3.19.4&#8243; background_color=&#8220;#f2f3f6&#8243; custom_padding=&#8220;8px|0px|14px|0px&#8220; next_background_color=&#8220;#ffffff&#8220; background_image=&#8220;https:\/\/myrtiaae.gr\/wp-content\/uploads\/2019\/01\/1-3000-400-n-min.jpg&#8220;][et_pb_row custom_padding=&#8220;27px|0px|20px|0px&#8220; _builder_version=&#8220;3.0.47&#8243; background_size=&#8220;initial&#8220; background_position=&#8220;top_left&#8220; background_repeat=&#8220;repeat&#8220;][et_pb_column type=&#8220;4_4&#8243;][et_pb_text _builder_version=&#8220;3.19.4&#8243; header_text_align=&#8220;center&#8220; header_text_color=&#8220;#ffffff&#8220; header_font_size=&#8220;27px&#8220; header_font_size_tablet=&#8220;23px&#8220; header_font_size_phone=&#8220;21px&#8220; header_font_size_last_edited=&#8220;on|desktop&#8220; header_letter_spacing=&#8220;0.5px&#8220; custom_margin=&#8220;||25px|&#8220; border_style=&#8220;solid&#8220;]<\/p>\n<h1>UNSER PFLEGEMODELL<\/h1>\n<p>[\/et_pb_text][et_pb_divider color=&#8220;#02532d&#8220; divider_weight=&#8220;2px&#8220; height=&#8220;2px&#8220; _builder_version=&#8220;3.19.3&#8243; custom_margin=&#8220;0px|||&#8220; custom_css_main_element=&#8220; margin: 0px auto 74px;|| width: 100px;&#8220;]<\/p>\n<p>[\/et_pb_divider][\/et_pb_column][\/et_pb_row][\/et_pb_section][et_pb_section bb_built=&#8220;1&#8243; _builder_version=&#8220;3.0.47&#8243; prev_background_color=&#8220;#f2f3f6&#8243; next_background_color=&#8220;#064128&#8243;][et_pb_row _builder_version=&#8220;3.0.48&#8243; background_size=&#8220;initial&#8220; background_position=&#8220;top_left&#8220; background_repeat=&#8220;repeat&#8220;][et_pb_column type=&#8220;4_4&#8243;][et_pb_text _builder_version=&#8220;3.19.4&#8243; background_size=&#8220;initial&#8220; background_position=&#8220;top_left&#8220; background_repeat=&#8220;repeat&#8220;]<\/p>\n<p>Das Wohnheim Myrtia geh\u00f6rt heute zu den h\u00f6chstspezialisierten Institutionen f\u00fcr die langj\u00e4hrige Pflege von Senioren\/innen in Griechisch.<\/p>\n<p>Das Pflegezentrum ist besetzt mit spezialisierten Wissenschaftlern und qualifiziertem Fachpersonal, w\u00e4hrend es als moderne Gesundheitseinheit von Zeit zu Zeit junge Absolventen aus Griechenland und dem Ausland im Rahmen ihres Praktikums ausbildet.<\/p>\n<p>[\/et_pb_text][\/et_pb_column][\/et_pb_row][et_pb_row][et_pb_column type=&#8220;4_4&#8243;][et_pb_gallery _builder_version=&#8220;3.19.4&#8243; gallery_ids=&#8220;944,943,938&#8243; posts_number=&#8220;6&#8243; show_title_and_caption=&#8220;off&#8220; show_pagination=&#8220;off&#8220; db_images_per_row=&#8220;3&#8243; db_image_max_width=&#8220;95&#8243; db_image_max_width_last_edited=&#8220;on|tablet&#8220; db_image_max_height_tablet=&#8220;501&#8243; db_image_row_spacing=&#8220;2&#8243; db_image_row_spacing_last_edited=&#8220;on|tablet&#8220; db_image_object_fit=&#8220;initial&#8220; hover_overlay_color=&#8220;rgba(255,255,255,0.9)&#8220; db_image_center_titles=&#8220;left&#8220; \/][\/et_pb_column][\/et_pb_row][et_pb_row][et_pb_column type=&#8220;4_4&#8243;][et_pb_text _builder_version=&#8220;3.19.4&#8243;]<\/p>\n<p>Unser vorrangiges Anliegen besteht darin, eine famili\u00e4re Atmosph\u00e4re zu schaffen, sodass sich die Bewohner wie zu Hause f\u00fchlen.<\/p>\n<p>[\/et_pb_text][\/et_pb_column][\/et_pb_row][et_pb_row][et_pb_column type=&#8220;4_4&#8243;][et_pb_text _builder_version=&#8220;3.19.4&#8243;]<\/p>\n<p>Zudem bem\u00fchen wir uns stets darum, ein angenehmes und lebensfrohes Klima f\u00fcr die Senioren\/innen und ihren geliebten Verwandten und Freunden zu schaffen, in welchem sie sich wohl f\u00fchlen k\u00f6nnen.<\/p>\n<p>[\/et_pb_text][\/et_pb_column][\/et_pb_row][et_pb_row][et_pb_column type=&#8220;4_4&#8243;][et_pb_gallery _builder_version=&#8220;3.19.4&#8243; gallery_ids=&#8220;939,940,1935&#8243; posts_number=&#8220;6&#8243; show_title_and_caption=&#8220;off&#8220; show_pagination=&#8220;off&#8220; db_images_per_row=&#8220;3&#8243; db_image_max_width=&#8220;95&#8243; db_image_max_width_last_edited=&#8220;on|tablet&#8220; db_image_max_height_tablet=&#8220;501&#8243; db_image_row_spacing=&#8220;2&#8243; db_image_row_spacing_last_edited=&#8220;on|tablet&#8220; db_image_object_fit=&#8220;initial&#8220; hover_overlay_color=&#8220;rgba(255,255,255,0.9)&#8220; db_image_center_titles=&#8220;left&#8220; \/][\/et_pb_column][\/et_pb_row][et_pb_row][et_pb_column type=&#8220;4_4&#8243;][et_pb_text _builder_version=&#8220;3.19.4&#8243;]<\/p>\n<p>Wir erneuern je nach Jahreszeit die Dekoration unserer Innenr\u00e4ume und passen unser Veranstaltungsprogramm der jeweiligen Feierzeit an.<\/p>\n<p>[\/et_pb_text][\/et_pb_column][\/et_pb_row][et_pb_row][et_pb_column type=&#8220;4_4&#8243;][et_pb_gallery _builder_version=&#8220;3.19.4&#8243; gallery_ids=&#8220;937,945,942&#8243; posts_number=&#8220;6&#8243; show_title_and_caption=&#8220;off&#8220; show_pagination=&#8220;off&#8220; db_images_per_row=&#8220;3&#8243; db_image_max_width=&#8220;95&#8243; db_image_max_width_last_edited=&#8220;on|tablet&#8220; db_image_max_height_tablet=&#8220;501&#8243; db_image_row_spacing=&#8220;2&#8243; db_image_row_spacing_last_edited=&#8220;on|tablet&#8220; db_image_object_fit=&#8220;initial&#8220; hover_overlay_color=&#8220;rgba(255,255,255,0.9)&#8220; db_image_center_titles=&#8220;left&#8220; \/][\/et_pb_column][\/et_pb_row][et_pb_row][et_pb_column type=&#8220;4_4&#8243;][et_pb_text _builder_version=&#8220;3.19.4&#8243;]<\/p>\n<p>Wir versuchen t\u00e4glich jedem einzelnen Bewohner die bestm\u00f6glichste \u00e4rztliche Pflege und qualitative Lebensbedingungen anzubieten.<\/p>\n<p>Wir \u00fcbernehmen auch die anspruchsvolle Pflege von Personen mit Demenz. Gegen\u00fcber solchen F\u00e4llen sind wir besonders empfindlich.<\/p>\n<p>[\/et_pb_text][\/et_pb_column][\/et_pb_row][et_pb_row][et_pb_column type=&#8220;4_4&#8243;][et_pb_gallery _builder_version=&#8220;3.19.4&#8243; gallery_ids=&#8220;941,1940,1941&#8243; show_title_and_caption=&#8220;off&#8220; show_pagination=&#8220;off&#8220; db_images_per_row=&#8220;3&#8243; db_image_max_width=&#8220;95&#8243; db_image_max_width_last_edited=&#8220;on|tablet&#8220; db_image_max_height_tablet=&#8220;501&#8243; db_image_row_spacing=&#8220;2&#8243; db_image_row_spacing_last_edited=&#8220;on|tablet&#8220; db_image_object_fit=&#8220;initial&#8220; hover_overlay_color=&#8220;rgba(255,255,255,0.9)&#8220; db_image_center_titles=&#8220;left&#8220; \/][\/et_pb_column][\/et_pb_row][\/et_pb_section][et_pb_section bb_built=&#8220;1&#8243; _builder_version=&#8220;3.19.11&#8243; background_color=&#8220;#064128&#8243; custom_margin=&#8220;||0px|&#8220; custom_padding=&#8220;0px|0px|0px|0px&#8220; prev_background_color=&#8220;#ffffff&#8220;][et_pb_row custom_padding=&#8220;22px|0px|12px|0px&#8220; custom_padding_tablet=&#8220;22px|0px|20px|0px&#8220; custom_padding_phone=&#8220;|||&#8220; custom_padding_last_edited=&#8220;on|phone&#8220; _builder_version=&#8220;3.0.76&#8243;][et_pb_column type=&#8220;1_2&#8243;][et_pb_text _builder_version=&#8220;3.19.11&#8243; text_font=&#8220;||||&#8220; text_text_color=&#8220;#ffffff&#8220; text_font_size=&#8220;19px&#8220; module_alignment=&#8220;left&#8220; custom_margin=&#8220;0px||15px|&#8220; custom_padding=&#8220;0px|||&#8220;]<\/p>\n<p><strong>F\u00dcR JEDES FRAGEN HABEN SIE<\/strong><\/p>\n<p>[\/et_pb_text][et_pb_text _builder_version=&#8220;3.19.4&#8243; text_text_color=&#8220;#ffffff&#8220; text_font_size=&#8220;17px&#8220; custom_margin=&#8220;0px|||&#8220; custom_margin_tablet=&#8220;0px||0px|&#8220; custom_margin_phone=&#8220;|||&#8220; custom_margin_last_edited=&#8220;on|desktop&#8220; custom_padding=&#8220;||10px|&#8220; custom_padding_tablet=&#8220;||0px|&#8220; custom_padding_last_edited=&#8220;on|desktop&#8220;]<\/p>\n<p>Z\u00f6gern Sie nicht, uns zu kontaktieren!<\/p>\n<p>[\/et_pb_text][\/et_pb_column][et_pb_column type=&#8220;1_2&#8243;][et_pb_divider show_divider=&#8220;off&#8220; height=&#8220;10px&#8220; disabled_on=&#8220;on|on|off&#8220; _builder_version=&#8220;3.0.76&#8243; color=&#8220;#ffffff&#8220; \/][et_pb_button button_url=&#8220;\/de\/kontakt\/&#8220; button_text=&#8220;Kontaktieren Sie uns&#8220; button_alignment=&#8220;left&#8220; _builder_version=&#8220;3.19.4&#8243; custom_button=&#8220;on&#8220; button_text_color=&#8220;#ffffff&#8220; button_bg_color=&#8220;#636363&#8243; button_border_color=&#8220;#ffffff&#8220; button_icon=&#8220;%%3%%&#8220; button_icon_color=&#8220;#ffffff&#8220; button_on_hover=&#8220;off&#8220; background_layout=&#8220;dark&#8220; custom_margin=&#8220;|||&#8220; custom_margin_tablet=&#8220;0px|||&#8220; custom_margin_phone=&#8220;|||&#8220; custom_margin_last_edited=&#8220;on|tablet&#8220; custom_padding=&#8220;10px|40px|10px|20px&#8220; button_text_size__hover_enabled=&#8220;off&#8220; button_text_size__hover=&#8220;null&#8220; button_one_text_size__hover_enabled=&#8220;off&#8220; button_one_text_size__hover=&#8220;null&#8220; button_two_text_size__hover_enabled=&#8220;off&#8220; button_two_text_size__hover=&#8220;null&#8220; button_text_color__hover_enabled=&#8220;on&#8220; button_text_color__hover=&#8220;#000000&#8243; button_one_text_color__hover_enabled=&#8220;off&#8220; button_one_text_color__hover=&#8220;null&#8220; button_two_text_color__hover_enabled=&#8220;off&#8220; button_two_text_color__hover=&#8220;null&#8220; button_border_width__hover_enabled=&#8220;off&#8220; button_border_width__hover=&#8220;null&#8220; button_one_border_width__hover_enabled=&#8220;off&#8220; button_one_border_width__hover=&#8220;null&#8220; button_two_border_width__hover_enabled=&#8220;off&#8220; button_two_border_width__hover=&#8220;null&#8220; button_border_color__hover_enabled=&#8220;off&#8220; button_border_color__hover=&#8220;null&#8220; button_one_border_color__hover_enabled=&#8220;off&#8220; button_one_border_color__hover=&#8220;null&#8220; button_two_border_color__hover_enabled=&#8220;off&#8220; button_two_border_color__hover=&#8220;null&#8220; button_border_radius__hover_enabled=&#8220;off&#8220; button_border_radius__hover=&#8220;null&#8220; button_one_border_radius__hover_enabled=&#8220;off&#8220; button_one_border_radius__hover=&#8220;null&#8220; button_two_border_radius__hover_enabled=&#8220;off&#8220; button_two_border_radius__hover=&#8220;null&#8220; button_letter_spacing__hover_enabled=&#8220;off&#8220; button_letter_spacing__hover=&#8220;null&#8220; button_one_letter_spacing__hover_enabled=&#8220;off&#8220; button_one_letter_spacing__hover=&#8220;null&#8220; button_two_letter_spacing__hover_enabled=&#8220;off&#8220; button_two_letter_spacing__hover=&#8220;null&#8220; button_bg_color__hover_enabled=&#8220;on&#8220; button_bg_color__hover=&#8220;#b0c887&#8243; button_one_bg_color__hover_enabled=&#8220;off&#8220; button_one_bg_color__hover=&#8220;null&#8220; button_two_bg_color__hover_enabled=&#8220;off&#8220; button_two_bg_color__hover=&#8220;null&#8220; button_font=&#8220;||||||||&#8220; button_icon_color__hover_enabled=&#8220;on&#8220; button_icon_color__hover=&#8220;#000000&#8243; \/][\/et_pb_column][\/et_pb_row][\/et_pb_section]<\/p>\n","protected":false},"excerpt":{"rendered":"<p>UNSER PFLEGEMODELL Das Wohnheim Myrtia geh\u00f6rt heute zu den h\u00f6chstspezialisierten Institutionen f\u00fcr die langj\u00e4hrige Pflege von Senioren\/innen in Griechisch. Das Pflegezentrum ist besetzt mit spezialisierten Wissenschaftlern und qualifiziertem Fachpersonal, w\u00e4hrend es als moderne Gesundheitseinheit von Zeit zu Zeit junge Absolventen aus Griechenland und dem Ausland im Rahmen ihres Praktikums ausbildet. <div class=\"et_pb_row et_pb_row_0 et_pb_row_empty\">\n\t\t\t\t\n\t\t\t\t\n\t\t\t\t\n\t\t\t\t\n\t\t\t\t\n\t\t\t<\/div><div class=\"et_pb_row et_pb_row_1 et_pb_row_empty\">\n\t\t\t\t\n\t\t\t\t\n\t\t\t\t\n\t\t\t\t\n\t\t\t\t\n\t\t\t<\/div> Unser vorrangiges Anliegen besteht [&hellip;]<\/p>\n","protected":false},"author":4,"featured_media":0,"parent":0,"menu_order":0,"comment_status":"closed","ping_status":"closed","template":"","meta":{"_et_pb_use_builder":"on","_et_pb_old_content":"<p>\u0397 \u039c\u03c5\u03c1\u03c4\u03b9\u03ac \u03bf\u03b9\u03ba\u03bf\u03b4\u03bf\u03bc\u03ae\u03b8\u03b7\u03ba\u03b5 \u03c3\u03cd\u03bc\u03c6\u03c9\u03bd\u03b1 \u03bc\u03b5 \u03c4\u03b9\u03c2 \u03c0\u03b9\u03bf \u03c3\u03cd\u03b3\u03c7\u03c1\u03bf\u03bd\u03b5\u03c2 \u03c0\u03c1\u03bf\u03b4\u03b9\u03b1\u03b3\u03c1\u03b1\u03c6\u03ad\u03c2 \u03b4\u03cc\u03bc\u03b7\u03c3\u03b7\u03c2 \u03b3\u03b9\u03b1 \u03ac\u03c4\u03bf\u03bc\u03b1 \u03c4\u03c1\u03af\u03c4\u03b7\u03c2 \u03b7\u03bb\u03b9\u03ba\u03af\u03b1\u03c2.<\/p><p>\u0397 \u03b8\u03ad\u03c3\u03b7 \u03c4\u03b7\u03c2 \u03b5\u03b3\u03b3\u03c5\u03ac\u03c4\u03b1\u03b9 \u03c4\u03b7\u03bd \u03ae\u03c1\u03b5\u03bc\u03b7 \u03ba\u03b1\u03b9 \u03b5\u03c5\u03c7\u03ac\u03c1\u03b9\u03c3\u03c4\u03b7 \u03b4\u03b9\u03b1\u03b2\u03af\u03c9\u03c3\u03b7 \u03c3\u03b5 \u03bc\u03b9\u03b1 \u03c0\u03b5\u03c1\u03b9\u03bf\u03c7\u03ae \u03bc\u03b5 \u03b5\u03be\u03b1\u03b9\u03c1\u03b5\u03c4\u03b9\u03ba\u03cc \u03ba\u03bb\u03af\u03bc\u03b1 \u03b5\u03ba\u03b1\u03c4\u03ad\u03c1\u03c9\u03b8\u03b5\u03bd \u03c4\u03bf\u03c5 \u03cc\u03c1\u03bf\u03c5\u03c2 \u03a7\u03bf\u03c1\u03c4\u03b9\u03ac\u03c4\u03b7 \u03ba\u03b1\u03b9 \u03c4\u03bf\u03c5 \u0398\u03b5\u03c1\u03bc\u03b1\u0209\u03ba\u03bf\u03cd \u039a\u03cc\u03bb\u03c0\u03bf\u03c5. \u03a4\u03bf \u03c4\u03bf\u03c0\u03af\u03bf \u03c6\u03c5\u03c3\u03b9\u03ba\u03ae\u03c2 \u03bf\u03bc\u03bf\u03c1\u03c6\u03b9\u03ac\u03c2 \u03b5\u03bd\u03b1\u03c1\u03bc\u03bf\u03bd\u03af\u03b6\u03b5\u03c4\u03b1\u03b9 \u03c0\u03bb\u03ae\u03c1\u03c9\u03c2 \u03bc\u03b5 \u03c4\u03bf\u03bd \u03b5\u03b9\u03b4\u03b9\u03ba\u03ac \u03b4\u03b9\u03b1\u03bc\u03bf\u03c1\u03c6\u03c9\u03bc\u03ad\u03bd\u03bf \u03c0\u03c1\u03bf\u03b1\u03cd\u03bb\u03b9\u03bf \u03c7\u03ce\u03c1\u03bf (\u03ba\u03b9\u03cc\u03c3\u03ba\u03b9\u03b1, \u03c0\u03b1\u03b9\u03b4\u03b9\u03ba\u03ae \u03c7\u03b1\u03c1\u03ac, \u03b5\u03ba\u03ba\u03bb\u03b7\u03c3\u03af\u03b1) \u03cc\u03c0\u03bf\u03c5 \u03bf\u03b9 \u03ad\u03bd\u03bf\u03b9\u03ba\u03bf\u03b9 \u03c4\u03b7\u03c2 \u039c\u03c5\u03c1\u03c4\u03b9\u03ac\u03c2 \u03b1\u03bb\u03bb\u03ac \u03ba\u03b1\u03b9 \u03bf\u03b9 \u03c3\u03c5\u03b3\u03b3\u03b5\u03bd\u03b5\u03af\u03c2, \u03c4\u03b1 \u03b5\u03b3\u03b3\u03cc\u03bd\u03b9\u03b1 \u03ba\u03b1\u03b9 \u03bf\u03b9 \u03c6\u03af\u03bb\u03bf\u03b9 \u03c4\u03bf\u03c5\u03c2, \u03bc\u03c0\u03bf\u03c1\u03bf\u03cd\u03bd \u03bd\u03b1 \u03b1\u03c0\u03bf\u03bb\u03b1\u03cd\u03c3\u03bf\u03c5\u03bd \u03cc\u03bc\u03bf\u03c1\u03c6\u03b5\u03c2 \u03c3\u03c4\u03b9\u03b3\u03bc\u03ad\u03c2 \u03bf\u03b9\u03ba\u03bf\u03b3\u03b5\u03bd\u03b5\u03b9\u03b1\u03ba\u03ae\u03c2 \u03b3\u03b1\u03bb\u03ae\u03bd\u03b7\u03c2.<\/p><p>\u03a3\u03c4\u03b7\u03bd \u03b1\u03b3\u03ba\u03b1\u03bb\u03b9\u03ac \u03c4\u03b7\u03c2\u00a0\u039c\u03c5\u03c1\u03c4\u03b9\u03ac\u03c2 \u03bf\u03b9 \u03ad\u03bd\u03bf\u03b9\u03ba\u03bf\u03b9 \u03bc\u03b1\u03c2 \u03b2\u03c1\u03af\u03c3\u03ba\u03bf\u03c5\u03bd \u03c4\u03bf \u03c0\u03b5\u03c1\u03af\u03c3\u03c3\u03b5\u03c5\u03bc\u03b1 \u03b1\u03b3\u03ac\u03c0\u03b7\u03c2, \u03c4\u03b7\u03bd \u03c0\u03b1\u03c1\u03ad\u03b1, \u03c4\u03b7 \u03c6\u03c1\u03bf\u03bd\u03c4\u03af\u03b4\u03b1 \u03ba\u03b1\u03b9 \u03c4\u03b7\u03bd \u03c0\u03bf\u03b9\u03cc\u03c4\u03b7\u03c4\u03b1 \u03b6\u03c9\u03ae\u03c2 \u03c0\u03bf\u03c5 \u03c4\u03bf\u03c5\u03c2 \u03b1\u03be\u03af\u03b6\u03b5\u03b9.<\/p><p>\u039c\u03c0\u03bf\u03c1\u03b5\u03af\u03c4\u03b5 \u03bd\u03b1 \u03bc\u03b1\u03c2 \u03b5\u03c0\u03b9\u03c3\u03ba\u03b5\u03c6\u03c4\u03b5\u03af\u03c4\u03b5 \u03cc\u03c0\u03bf\u03c4\u03b5 \u03b5\u03c3\u03b5\u03af\u03c2 \u03c4\u03bf \u03b5\u03c0\u03b9\u03b8\u03c5\u03bc\u03b5\u03af\u03c4\u03b5 (\u03ba\u03b1\u03b9 \u03c7\u03c9\u03c1\u03af\u03c2 \u03c1\u03b1\u03bd\u03c4\u03b5\u03b2\u03bf\u03cd), \u03bd\u03b1 \u03be\u03b5\u03bd\u03b1\u03b3\u03b7\u03b8\u03b5\u03af\u03c4\u03b5 \u03ba\u03b1\u03b9 \u03bd\u03b1 \u03b3\u03bd\u03c9\u03c1\u03af\u03c3\u03b5\u03c4\u03b5 \u03b1\u03c0\u03cc \u03ba\u03bf\u03bd\u03c4\u03ac \u03c4\u03bf\u03c5\u03c2 \u03c7\u03ce\u03c1\u03bf\u03c5\u03c2 \u03bc\u03b1\u03c2 \u03ba\u03b1\u03b9 \u03c4\u03b7\u03bd \u03b6\u03c9\u03ae \u03c3\u03c4\u03b7 \u039c\u03c5\u03c1\u03c4\u03b9\u03ac.<\/p>","_et_gb_content_width":"","footnotes":""},"class_list":["post-2462","page","type-page","status-publish","hentry"],"_links":{"self":[{"href":"https:\/\/myrtiaae.gr\/de\/wp-json\/wp\/v2\/pages\/2462","targetHints":{"allow":["GET"]}}],"collection":[{"href":"https:\/\/myrtiaae.gr\/de\/wp-json\/wp\/v2\/pages"}],"about":[{"href":"https:\/\/myrtiaae.gr\/de\/wp-json\/wp\/v2\/types\/page"}],"author":[{"embeddable":true,"href":"https:\/\/myrtiaae.gr\/de\/wp-json\/wp\/v2\/users\/4"}],"replies":[{"embeddable":true,"href":"https:\/\/myrtiaae.gr\/de\/wp-json\/wp\/v2\/comments?post=2462"}],"version-history":[{"count":3,"href":"https:\/\/myrtiaae.gr\/de\/wp-json\/wp\/v2\/pages\/2462\/revisions"}],"predecessor-version":[{"id":2465,"href":"https:\/\/myrtiaae.gr\/de\/wp-json\/wp\/v2\/pages\/2462\/revisions\/2465"}],"wp:attachment":[{"href":"https:\/\/myrtiaae.gr\/de\/wp-json\/wp\/v2\/media?parent=2462"}],"curies":[{"name":"wp","href":"https:\/\/api.w.org\/{rel}","templated":true}]}}